{"id":22,"date":"2018-04-25T12:34:39","date_gmt":"2018-04-25T15:34:39","guid":{"rendered":"http:\/\/ortothais.com.br\/?page_id=22"},"modified":"2018-04-25T12:34:39","modified_gmt":"2018-04-25T15:34:39","slug":"contato","status":"publish","type":"page","link":"https:\/\/ortothais.com.br\/ortodontista\/contato\/","title":{"rendered":"Contato"},"content":{"rendered":"<div id=\"themify_builder_content-22\" data-postid=\"22\" class=\"themify_builder_content themify_builder_content-22 themify_builder themify_builder_front\">\n\t\n\t\t\t<!-- module_row -->\n\t\t\t<div data-gutter=\"gutter-default\" class=\"themify_builder_row themify_builder_22_row module_row module_row_0 clearfix gutter-default fullheight\" \t\t\t\tdata-equal-column-height=\"\">\n\n\t\t\t\t\n\t\t\t\t\n\t\t\t\t<div class=\"row_inner_wrapper\">\n\t\t\t\t\t<div class=\"row_inner\">\n\n\t\t\t\t\t\t\n\t\t\t\t\t\t\n\t\t\t\t\t\t\n\t\t\t\t\t\t\t\t\t<div class=\"col-full first tb-column  tb_22_column module_column_0 module_column\" >\n\n\t\t\t\t\t\t\t\t\t    \n\t\t\t\t\t\t\t\t\t    \n\t\t\t\t\t\t\t\t\t    <div class=\"tb-column-inner\">\n\n\t\t\t\t\t\t\t\t\t\t\n\t\t\t\t\t\t\t\t\t\t\n\t\t\t\t\t\t\t\t\t\t\t\n<!-- module text -->\n<div id=\"text-22-0-0-1\" class=\"module module-text text-22-0-0-1   \">\n\t\n\t\t\n\t<p><strong>Contato<\/strong><\/p>\n\n\t<\/div>\n<!-- \/module text -->\n<div class=\"themify_builder_sub_row\n\t\t\t\t\t\t\t\t\t\t\t\t\t\t\tclearfix gutter-default  sub_row_0-0-2\" >\n\t\t\t\t\t\t\t\t\t\t\t\t\t\t\t\n\t\t\t\t\t\t\t\t\t\t\t\t\t\t\t<div class=\"col4-2 first sub_column sub_column_0-0-2-0 sub_column_post_22\" >\n\t\t\t\t\t\t\t\t\t\t\t\t\t\t\t\t \n\t\t\t\t\t\t\t\t\t\t\t\t\t\t\t\t\n\t\t\t\t\t\t\t\t\t\t\t\t\t\t\t\t\t\t\t\t\t\t\t\t\t\t\t\t\t\t\t\t\n<!-- module image -->\n<div id=\"image-22-sub_row_0-0-2-0-0\" class=\"module module-image image-22-sub_row_0-0-2-0-0 rounded image-top  \">\n\t\n\t\n\t\n\t<div class=\"image-wrap\">\n\t\t\t\t\t<img src=\"http:\/\/ortothais.com.br\/wp-content\/uploads\/2018\/05\/Logo-Oficial-Dra-Thais-Cristina-da-Silva-1.png\" alt=\"Contato\" \/>\t\t\t\n\t\t<\/div>\n\t<!-- \/image-wrap -->\n\t\t\n\t\n\t\n\t<\/div>\n<!-- \/module image -->\n\n<!-- module text -->\n<div id=\"text-22-sub_row_0-0-2-0-1\" class=\"module module-text text-22-sub_row_0-0-2-0-1   \">\n\t\n\t\t\n\t<p><a href=\"http:\/\/Tel:\/\/1155814283\"><span style=\"color: #000000;\">(11) 5581-4283<\/span><\/a><br \/>\n<span style=\"color: #000000;\"><a style=\"color: #000000;\" href=\"http:\/\/Tel:\/\/11983015543\">(11) 98301-5543<\/a> Whatsapp<\/span><br \/>\n<span style=\"color: #000000;\">E-mail contato@ortothais.com.br<\/span><\/p>\n\n\t<\/div>\n<!-- \/module text -->\n\n<!-- module text -->\n<div id=\"text-22-sub_row_0-0-2-0-2\" class=\"module module-text text-22-sub_row_0-0-2-0-2   \">\n\t\n\t\t\n\t<h3><span style=\"color: #000080;\"><strong>Localiza\u00e7\u00e3o<\/strong><\/span><\/h3>\n\n\t<\/div>\n<!-- \/module text -->\n\n<!-- module text -->\n<div id=\"text-22-sub_row_0-0-2-0-3\" class=\"module module-text text-22-sub_row_0-0-2-0-3   \">\n\t\n\t\t\n\t<p><iframe style=\"border: 0;\" src=\"https:\/\/www.google.com\/maps\/embed?pb=!1m18!1m12!1m3!1d3655.5222098100394!2d-46.64369659869104!3d-23.62146243030505!2m3!1f0!2f0!3f0!3m2!1i1024!2i768!4f13.1!3m3!1m2!1s0x94ce5a5a49a7be0f%3A0xa6e92d0f6e68b53c!2sAlameda+Maru%C3%A1s%2C+109+-+Planalto+Paulista%2C+S%C3%A3o+Paulo+-+SP%2C+04068-110!5e0!3m2!1spt-BR!2sbr!4v1524668033301\" width=\"100%\" height=\"300\" frameborder=\"0\" allowfullscreen=\"allowfullscreen\"><\/iframe><\/p>\n\n\t<\/div>\n<!-- \/module text -->\n\n\t\t\t\t\t\t\t\t\t\t\t\t\t\t\t\t\t\t\t\t\t\t\t\t\t\t\t\t\t\t\t\t<\/div><div class=\"col4-2 last sub_column sub_column_0-0-2-1 sub_column_post_22\" >\n\t\t\t\t\t\t\t\t\t\t\t\t\t\t\t\t \n\t\t\t\t\t\t\t\t\t\t\t\t\t\t\t\t\n\t\t\t\t\t\t\t\t\t\t\t\t\t\t\t\t\t\t\t\t\t\t\t\t\t\t\t\t\t\t\t\t\n<!-- module text -->\n<div id=\"text-22-sub_row_0-0-2-1-0\" class=\"module module-text text-22-sub_row_0-0-2-1-0   \">\n\t\n\t\t\n\t<p>Preencha o formul\u00e1rio corretamente<\/p>\n\t<\/div>\n<!-- \/module text -->\n\n<!-- module text -->\n<div id=\"text-22-sub_row_0-0-2-1-1\" class=\"module module-text text-22-sub_row_0-0-2-1-1   \">\n\t\n\t\t\n\t<div role=\"form\" class=\"wpcf7\" id=\"wpcf7-f26-o1\" lang=\"pt-PT\" dir=\"ltr\">\n<div class=\"screen-reader-response\"><p role=\"status\" aria-live=\"polite\" aria-atomic=\"true\"><\/p> <ul><\/ul><\/div>\n<form action=\"\/ortodontista\/wp-json\/wp\/v2\/pages\/22#wpcf7-f26-o1\" method=\"post\" class=\"wpcf7-form init\" novalidate=\"novalidate\" data-status=\"init\">\n<div style=\"display: none;\">\n<input type=\"hidden\" name=\"_wpcf7\" value=\"26\" \/>\n<input type=\"hidden\" name=\"_wpcf7_version\" value=\"5.4.1\" \/>\n<input type=\"hidden\" name=\"_wpcf7_locale\" value=\"pt_PT\" \/>\n<input type=\"hidden\" name=\"_wpcf7_unit_tag\" value=\"wpcf7-f26-o1\" \/>\n<input type=\"hidden\" name=\"_wpcf7_container_post\" value=\"0\" \/>\n<input type=\"hidden\" name=\"_wpcf7_posted_data_hash\" value=\"\" \/>\n<\/div>\n<p><label> Nome (obrigat\u00f3rio)<br \/>\n    <span class=\"wpcf7-form-control-wrap your-name\"><input type=\"text\" name=\"your-name\" value=\"\" size=\"40\" class=\"wpcf7-form-control wpcf7-text wpcf7-validates-as-required\" aria-required=\"true\" aria-invalid=\"false\" \/><\/span> <\/label><br \/>\n<label> Telefone (obrigat\u00f3rio)<br \/>\n    <span class=\"wpcf7-form-control-wrap tel-764\"><input type=\"tel\" name=\"tel-764\" value=\"\" size=\"40\" class=\"wpcf7-form-control wpcf7-text wpcf7-tel wpcf7-validates-as-required wpcf7-validates-as-tel\" aria-required=\"true\" aria-invalid=\"false\" placeholder=\"(DDD) 00000-0000\" \/><\/span> <\/label><br \/>\n<label> E-mail (obrigat\u00f3rio)<br \/>\n    <span class=\"wpcf7-form-control-wrap your-email\"><input type=\"email\" name=\"your-email\" value=\"\" size=\"40\" class=\"wpcf7-form-control wpcf7-text wpcf7-email wpcf7-validates-as-required wpcf7-validates-as-email\" aria-required=\"true\" aria-invalid=\"false\" \/><\/span> <\/label><br \/>\n<label> Assunto<br \/>\n    <span class=\"wpcf7-form-control-wrap your-subject\"><input type=\"text\" name=\"your-subject\" value=\"\" size=\"40\" class=\"wpcf7-form-control wpcf7-text\" aria-invalid=\"false\" \/><\/span> <\/label><br \/>\n<label> A sua mensagem<br \/>\n    <span class=\"wpcf7-form-control-wrap your-message\"><textarea name=\"your-message\" cols=\"40\" rows=\"10\" class=\"wpcf7-form-control wpcf7-textarea\" aria-invalid=\"false\"><\/textarea><\/span> <\/label><br \/>\nPreencha o resultado abaixo<br \/>\n<span class=\"wpcf7-form-control-wrap acceptance-63\"><span class=\"wpcf7-form-control wpcf7-acceptance optional\"><span class=\"wpcf7-list-item\"><input type=\"checkbox\" name=\"acceptance-63\" value=\"1\" aria-invalid=\"false\" \/><\/span><\/span><\/span><br \/>\n<input type=\"submit\" value=\"Enviar\" class=\"wpcf7-form-control wpcf7-submit\" \/><\/p>\n<div class=\"wpcf7-response-output\" aria-hidden=\"true\"><\/div><\/form><\/div>\n\n\t<\/div>\n<!-- \/module text -->\n\n\t\t\t\t\t\t\t\t\t\t\t\t\t\t\t\t\t\t\t\t\t\t\t\t\t\t\t\t\t\t\t\t<\/div><\/div>\n\t\t\t\t\t\t\t\t\t\t<\/div>\n\t\t\t\t\t\t\t\t\t\t<!-- \/.tb-column-inner -->\n\t\t\t\t\t\t\t\t\t\t\t\t\t\t\t\t\t\t\t<\/div>\n\t\t\t\t\t\t\t\t\t<!-- \/.tb-column -->\n\t\t\t\t\t\t\t\n\t\t\t\t\t\t\n\t\t\t\t\t\t\n\t\t\t\t\t\t\n\t\t\t\t\t<\/div>\n\t\t\t\t\t<!-- \/row_inner -->\n\t\t\t\t<\/div>\n\t\t\t<!-- \/row_inner_wrapper -->\n\t\t\t<\/div>\n\t\t\t<!-- \/module_row -->\n\t\t\t\n<\/div>\n<!-- \/themify_builder_content -->","protected":false},"excerpt":{"rendered":"<p>Contato (11) 5581-4283 (11) 98301-5543 Whatsapp E-mail contato@ortothais.com.br Localiza\u00e7\u00e3o Preencha o formul\u00e1rio corretamente Nome (obrigat\u00f3rio) Telefone (obrigat\u00f3rio) E-mail (obrigat\u00f3rio) Assunto A sua mensagem Preencha o resultado abaixo<\/p>\n","protected":false},"author":2,"featured_media":0,"parent":0,"menu_order":0,"comment_status":"closed","ping_status":"closed","template":"","meta":[],"_links":{"self":[{"href":"https:\/\/ortothais.com.br\/ortodontista\/wp-json\/wp\/v2\/pages\/22"}],"collection":[{"href":"https:\/\/ortothais.com.br\/ortodontista\/wp-json\/wp\/v2\/pages"}],"about":[{"href":"https:\/\/ortothais.com.br\/ortodontista\/wp-json\/wp\/v2\/types\/page"}],"author":[{"embeddable":true,"href":"https:\/\/ortothais.com.br\/ortodontista\/wp-json\/wp\/v2\/users\/2"}],"replies":[{"embeddable":true,"href":"https:\/\/ortothais.com.br\/ortodontista\/wp-json\/wp\/v2\/comments?post=22"}],"version-history":[{"count":1,"href":"https:\/\/ortothais.com.br\/ortodontista\/wp-json\/wp\/v2\/pages\/22\/revisions"}],"predecessor-version":[{"id":23,"href":"https:\/\/ortothais.com.br\/ortodontista\/wp-json\/wp\/v2\/pages\/22\/revisions\/23"}],"wp:attachment":[{"href":"https:\/\/ortothais.com.br\/ortodontista\/wp-json\/wp\/v2\/media?parent=22"}],"curies":[{"name":"wp","href":"https:\/\/api.w.org\/{rel}","templated":true}]}}