{"id":35,"date":"2018-05-14T11:28:33","date_gmt":"2018-05-14T14:28:33","guid":{"rendered":"http:\/\/ortothais.com.br\/?page_id=35"},"modified":"2018-05-14T11:28:33","modified_gmt":"2018-05-14T14:28:33","slug":"dra-thais","status":"publish","type":"page","link":"https:\/\/ortothais.com.br\/ortodontista\/dra-thais\/","title":{"rendered":"Dra. Thais"},"content":{"rendered":"<div id=\"themify_builder_content-35\" data-postid=\"35\" class=\"themify_builder_content themify_builder_content-35 themify_builder themify_builder_front\">\n\t\n\t\t\t<!-- module_row -->\n\t\t\t<div data-gutter=\"gutter-default\" class=\"themify_builder_row themify_builder_35_row module_row module_row_0 clearfix gutter-default builder-parallax-scrolling fullheight\" \t\t\t\tdata-equal-column-height=\"\">\n\n\t\t\t\t\n\t\t\t\t\n\t\t\t<div class=\"builder_row_cover\" style=\"background-color: rgba(255,255,255, 0.41)\" data-color=\"rgba(255,255,255, 0.41)\" ><\/div>\n\n\t\t\t\n\t\t\t\t<div class=\"row_inner_wrapper\">\n\t\t\t\t\t<div class=\"row_inner\">\n\n\t\t\t\t\t\t\n\t\t\t\t\t\t\n\t\t\t\t\t\t\n\t\t\t\t\t\t\t\t\t<div class=\"col-full first tb-column  tb_35_column module_column_0 module_column\" >\n\n\t\t\t\t\t\t\t\t\t    \n\t\t\t\t\t\t\t\t\t    \n\t\t\t\t\t\t\t\t\t    <div class=\"tb-column-inner\">\n\n\t\t\t\t\t\t\t\t\t\t\n\t\t\t\t\t\t\t\t\t\t\n\t\t\t\t\t\t\t\t\t\t\t\n<!-- module text -->\n<div id=\"text-35-0-0-1\" class=\"module module-text text-35-0-0-1   \">\n\t\n\t\t\n\t<p><img class=\" wp-image-38 alignright\" src=\"http:\/\/ortothais.com.br\/wp-content\/uploads\/2018\/05\/orto-Thais-foto-169x300.jpg\" alt=\"\" width=\"120\" height=\"213\" \/><strong>A Dr\u00aa. Thais Cristina da Silva, graduou-se em Odontologia pela Faculdade de\u00a0Odontologia de Bauru &#8211; USP em 2011.<\/strong><\/p><p><strong>Sempre se dedicou a ortodontia e durante a\u00a0gradua\u00e7\u00e3o j\u00e1 realizava est\u00e1gios na Cl\u00ednica Ortoface, com o Dr. Omar Gabriel Da Silva\u00a0Filho. Ap\u00f3s se formar, realizou cursos de atualiza\u00e7\u00e3o e aperfei\u00e7oamento em Ortodontia\u00a0Preventiva e Interceptiva na PROFIS: Sociedade de Promo\u00e7\u00e3o Social do Fissurado\u00a0L\u00e1bio-Palatal e no Hospital de Anomalias Craniofaciais da Universidade de S\u00e3o Paulo, o\u00a0Centrinho. Iniciou a especializa\u00e7\u00e3o em Ortodontia em regime integral no Hospital de\u00a0Anomalias Craniofaciais da Universidade de S\u00e3o Paulo, onde concluiu no in\u00edcio de\u00a02016.<\/strong><\/p><p><strong>Atualmente, procura dedicar-se a fazer novos cursos que podem ampliar sua vis\u00e3o para tratamentos e estar atualizada com as novidades da \u00e1rea, como: Curso de\u00a0Diagn\u00f3stico e Planejamento em Ortodontia, promovido pela PROFIS, realizado pelo\u00a0Prof. Leopoldino Capelozza; 2\u00aa turma do Circuito de Biomec\u00e2nica (mini implantes e mini\u00a0placas), promovido e organizado pela Dental Press Internacional, em Maring\u00e1.\u00a0Paralelamente a isso, buscou cursos de credenciamento em aparelhos mais r\u00e1pidos e\u00a0modernos: Treinamento para capacita\u00e7\u00e3o no Sistema Compass OrthoAligner ministrado\u00a0pelo Dr Bruno Gribel; Curso Intensivo em Sistema Autoligado, promovido pelo Enova\u00a0Odonto e por \u00faltimo Credenciamento Invisalign \u2013Training Course, o mais novo sistema\u00a0de Alinhadores Invis\u00edveis.<\/strong><\/p>\n\t<\/div>\n<!-- \/module text -->\n\n\t\t\t\t\t\t\t\t\t\t<\/div>\n\t\t\t\t\t\t\t\t\t\t<!-- \/.tb-column-inner -->\n\t\t\t\t\t\t\t\t\t\t\t\t\t\t\t\t\t\t\t<\/div>\n\t\t\t\t\t\t\t\t\t<!-- \/.tb-column -->\n\t\t\t\t\t\t\t\n\t\t\t\t\t\t\n\t\t\t\t\t\t\n\t\t\t\t\t\t\n\t\t\t\t\t<\/div>\n\t\t\t\t\t<!-- \/row_inner -->\n\t\t\t\t<\/div>\n\t\t\t<!-- \/row_inner_wrapper -->\n\t\t\t<\/div>\n\t\t\t<!-- \/module_row -->\n\t\t\t\n<\/div>\n<!-- \/themify_builder_content -->","protected":false},"excerpt":{"rendered":"<p>A Dr\u00aa. Thais Cristina da Silva, graduou-se em Odontologia pela Faculdade de\u00a0Odontologia de Bauru &#8211; USP em 2011.Sempre se dedicou a ortodontia e durante a\u00a0gradua\u00e7\u00e3o j\u00e1 realizava est\u00e1gios na Cl\u00ednica Ortoface, com o Dr. Omar Gabriel Da Silva\u00a0Filho. Ap\u00f3s se formar, realizou cursos de atualiza\u00e7\u00e3o e aperfei\u00e7oamento em Ortodontia\u00a0Preventiva e Interceptiva na PROFIS: Sociedade de [&hellip;]<\/p>\n","protected":false},"author":2,"featured_media":0,"parent":0,"menu_order":0,"comment_status":"closed","ping_status":"closed","template":"","meta":[],"_links":{"self":[{"href":"https:\/\/ortothais.com.br\/ortodontista\/wp-json\/wp\/v2\/pages\/35"}],"collection":[{"href":"https:\/\/ortothais.com.br\/ortodontista\/wp-json\/wp\/v2\/pages"}],"about":[{"href":"https:\/\/ortothais.com.br\/ortodontista\/wp-json\/wp\/v2\/types\/page"}],"author":[{"embeddable":true,"href":"https:\/\/ortothais.com.br\/ortodontista\/wp-json\/wp\/v2\/users\/2"}],"replies":[{"embeddable":true,"href":"https:\/\/ortothais.com.br\/ortodontista\/wp-json\/wp\/v2\/comments?post=35"}],"version-history":[{"count":1,"href":"https:\/\/ortothais.com.br\/ortodontista\/wp-json\/wp\/v2\/pages\/35\/revisions"}],"predecessor-version":[{"id":36,"href":"https:\/\/ortothais.com.br\/ortodontista\/wp-json\/wp\/v2\/pages\/35\/revisions\/36"}],"wp:attachment":[{"href":"https:\/\/ortothais.com.br\/ortodontista\/wp-json\/wp\/v2\/media?parent=35"}],"curies":[{"name":"wp","href":"https:\/\/api.w.org\/{rel}","templated":true}]}}