{"id":60,"date":"2018-05-18T08:55:53","date_gmt":"2018-05-18T11:55:53","guid":{"rendered":"http:\/\/ortothais.com.br\/?page_id=60"},"modified":"2018-05-23T18:54:13","modified_gmt":"2018-05-23T21:54:13","slug":"tratamento-infantil","status":"publish","type":"page","link":"https:\/\/ortothais.com.br\/ortodontista\/tratamento-infantil\/","title":{"rendered":"Tratamento Infantil"},"content":{"rendered":"<div id=\"themify_builder_content-60\" data-postid=\"60\" class=\"themify_builder_content themify_builder_content-60 themify_builder themify_builder_front\">\n\t\n\t\t\t<!-- module_row -->\n\t\t\t<div data-gutter=\"gutter-default\" class=\"themify_builder_row themify_builder_60_row module_row module_row_0 clearfix gutter-default builder-parallax-scrolling fullheight\" \t\t\t\tdata-equal-column-height=\"\">\n\n\t\t\t\t\n\t\t\t\t\n\t\t\t<div class=\"builder_row_cover\" style=\"background-color: rgba(255,255,255, 0.93)\" data-color=\"rgba(255,255,255, 0.93)\" ><\/div>\n\n\t\t\t\n\t\t\t\t<div class=\"row_inner_wrapper\">\n\t\t\t\t\t<div class=\"row_inner\">\n\n\t\t\t\t\t\t\n\t\t\t\t\t\t\n\t\t\t\t\t\t\n\t\t\t\t\t\t\t\t\t<div class=\"col-full first tb-column  tb_60_column module_column_0 module_column\" >\n\n\t\t\t\t\t\t\t\t\t    \n\t\t\t\t\t\t\t\t\t    \n\t\t\t\t\t\t\t\t\t    <div class=\"tb-column-inner\">\n\n\t\t\t\t\t\t\t\t\t\t\n\t\t\t\t\t\t\t\t\t\t\n\t\t\t\t\t\t\t\t\t\t\t\n<!-- module text -->\n<div id=\"text-60-0-0-1\" class=\"module module-text text-60-0-0-1   \">\n\t\n\t\t\n\t<p>TRATAMENTO ORTOD\u00d4NTICO PREVENTIVO E INTERCEPTIVO<\/p>\n\n\t<\/div>\n<!-- \/module text -->\n\n<!-- module text -->\n<div id=\"text-60-0-0-2\" class=\"module module-text text-60-0-0-2   \">\n\t\n\t\t\n\t<p><img class=\" wp-image-72 alignleft\" src=\"http:\/\/ortothais.com.br\/wp-content\/uploads\/2018\/05\/Dra-Thais-Cristina-da-Silva-ortodontia-em-S\u00e3o-Paulo-Tratavamento-foto-5-300x200.jpg\" alt=\"\" width=\"351\" height=\"234\" \/>A preven\u00e7\u00e3o da m\u00e1-oclus\u00e3o (m\u00e1 posi\u00e7\u00e3o dos dentes nas arcadas) \u00e9 um procedimento poss\u00edvel e ben\u00e9fico ao paciente, pois o diagn\u00f3stico nos est\u00e1gios iniciais permite melhor resultado final do tratamento, j\u00e1 que \u00e9 determinante para a solu\u00e7\u00e3o ou redu\u00e7\u00e3o da gravidade dos problemas ortod\u00f4nticos, mesmo quando necess\u00e1ria a utiliza\u00e7\u00e3o de aparelhos ortod\u00f4nticos fixos no futuro. O diagn\u00f3stico preciso nos est\u00e1gios iniciais \u00e9 fundamental para a indica\u00e7\u00e3o correta do tratamento ortod\u00f4ntico preventivo e, para que seja realizado, s\u00e3o necess\u00e1rios exames de diagn\u00f3stico espec\u00edficos onde se observa o est\u00e1gio do crescimento e desenvolvimento dos ossos do cr\u00e2nio, da face do paciente, assim como da forma\u00e7\u00e3o e do desenvolvimento da denti\u00e7\u00e3o, tendo em vista que os problemas ortod\u00f4nticos, em crian\u00e7as, s\u00e3o de origem dent\u00e1ria ou esquel\u00e9tica, podendo ser tratados por movimenta\u00e7\u00e3o dent\u00e1ria ou por modifica\u00e7\u00f5es no crescimento facial.<\/p>\n\t<\/div>\n<!-- \/module text -->\n\n<!-- module text -->\n<div id=\"text-60-0-0-3\" class=\"module module-text text-60-0-0-3   \">\n\t\n\t\t\n\t<p><span style=\"color: #ff0000;\">PROBLEMAS DENT\u00c1RIOS COMUNS NA INF\u00c2NCIA<\/span><\/p>\n<p><span style=\"color: #ff0000;\"><img class=\" wp-image-73 alignright\" src=\"http:\/\/ortothais.com.br\/wp-content\/uploads\/2018\/05\/Dra-Thais-Cristina-da-Silva-ortodontia-em-S\u00e3o-Paulo-Tratavamento-foto-6-300x193.jpg\" alt=\"\" width=\"389\" height=\"250\" \/><\/span><\/p>\n<ul>\n<li>Falta de espa\u00e7o para futuro alinhamento dos dentes permanentes;<\/li>\n<li>Perda precoce de dentes de leite;<\/li>\n<li>Presen\u00e7a de dentes a mais nas arcadas (supranumer\u00e1rios);<\/li>\n<li>Mordida aberta anterior;<\/li>\n<li>Mordida cruzada anterior e\/ou posterior.<\/li>\n<\/ul>\n<p><span style=\"color: #ff0000;\">S\u00c3O CONSIDERADAS SOLU\u00c7\u00d5ES PREVENTIVAS<\/span><\/p>\n<ul>\n<li>Os tratamentos que visam preservar ao m\u00e1ximo a denti\u00e7\u00e3o dec\u00eddua (dentes de leite);<\/li>\n<li>O trabalho educativo que visa a elimina\u00e7\u00e3o de h\u00e1bitos de suc\u00e7\u00e3o (chupar chupeta ou dedo);<\/li>\n<li>A manuten\u00e7\u00e3o de espa\u00e7os provenientes de perdas dent\u00e1rias precoces;<\/li>\n<li>A reeduca\u00e7\u00e3o da fala, mastiga\u00e7\u00e3o e degluti\u00e7\u00e3o;<\/li>\n<li>A recupera\u00e7\u00e3o de espa\u00e7os nas arcadas dent\u00e1rias;<\/li>\n<li>A corre\u00e7\u00e3o da sobremordida profunda, descruzamento da mordida anterior e posterior;<\/li>\n<li>A extra\u00e7\u00e3o de dentes dec\u00edduos com reten\u00e7\u00e3o prolongada.<\/li>\n<\/ul>\n<p><span style=\"color: #ff0000;\">DENTRE AS VANTAGENS DO TRATAMENTO ORTOD\u00d4NTICO PREVENTIVO <strong>DESTACAMOS<\/strong>:<\/span><\/p>\n<ul>\n<li>A recupera\u00e7\u00e3o de espa\u00e7os pode ser conseguida com maior facilidade;<\/li>\n<li>O crescimento facial pode ser redirecionado;<\/li>\n<li>O desenvolvimento da denti\u00e7\u00e3o pode ser orientado;<\/li>\n<li>Grande parte dos tratamentos pode ser realizada sem extra\u00e7\u00f5es dos dentes permanentes no futuro;<\/li>\n<li>Os maus h\u00e1bitos podem ser facilmente reeducados;<\/li>\n<li>Preven\u00e7\u00e3o da impacta\u00e7\u00e3o de dentes permanentes;<\/li>\n<li>Preven\u00e7\u00e3o de fraturas em dentes que est\u00e3o para frente. Sem contar que o maior benef\u00edcio \u00e9 a eleva\u00e7\u00e3o da auto-estima da crian\u00e7a desde cedo, o que melhora e muito, \u00e9 a sua seguran\u00e7a em si mesma e sua capacidade de relacionamento com a sociedade.<\/li>\n<\/ul>\n\n\t<\/div>\n<!-- \/module text -->\n\n\t\t\t\t\t\t\t\t\t\t<\/div>\n\t\t\t\t\t\t\t\t\t\t<!-- \/.tb-column-inner -->\n\t\t\t\t\t\t\t\t\t\t\t\t\t\t\t\t\t\t\t<\/div>\n\t\t\t\t\t\t\t\t\t<!-- \/.tb-column -->\n\t\t\t\t\t\t\t\n\t\t\t\t\t\t\n\t\t\t\t\t\t\n\t\t\t\t\t\t\n\t\t\t\t\t<\/div>\n\t\t\t\t\t<!-- \/row_inner -->\n\t\t\t\t<\/div>\n\t\t\t<!-- \/row_inner_wrapper -->\n\t\t\t<\/div>\n\t\t\t<!-- \/module_row -->\n\t\t\t\n<\/div>\n<!-- \/themify_builder_content -->","protected":false},"excerpt":{"rendered":"<p>TRATAMENTO ORTOD\u00d4NTICO PREVENTIVO E INTERCEPTIVO A preven\u00e7\u00e3o da m\u00e1-oclus\u00e3o (m\u00e1 posi\u00e7\u00e3o dos dentes nas arcadas) \u00e9 um procedimento poss\u00edvel e ben\u00e9fico ao paciente, pois o diagn\u00f3stico nos est\u00e1gios iniciais permite melhor resultado final do tratamento, j\u00e1 que \u00e9 determinante para a solu\u00e7\u00e3o ou redu\u00e7\u00e3o da gravidade dos problemas ortod\u00f4nticos, mesmo quando necess\u00e1ria a utiliza\u00e7\u00e3o de [&hellip;]<\/p>\n","protected":false},"author":2,"featured_media":0,"parent":0,"menu_order":0,"comment_status":"closed","ping_status":"closed","template":"","meta":[],"_links":{"self":[{"href":"https:\/\/ortothais.com.br\/ortodontista\/wp-json\/wp\/v2\/pages\/60"}],"collection":[{"href":"https:\/\/ortothais.com.br\/ortodontista\/wp-json\/wp\/v2\/pages"}],"about":[{"href":"https:\/\/ortothais.com.br\/ortodontista\/wp-json\/wp\/v2\/types\/page"}],"author":[{"embeddable":true,"href":"https:\/\/ortothais.com.br\/ortodontista\/wp-json\/wp\/v2\/users\/2"}],"replies":[{"embeddable":true,"href":"https:\/\/ortothais.com.br\/ortodontista\/wp-json\/wp\/v2\/comments?post=60"}],"version-history":[{"count":2,"href":"https:\/\/ortothais.com.br\/ortodontista\/wp-json\/wp\/v2\/pages\/60\/revisions"}],"predecessor-version":[{"id":91,"href":"https:\/\/ortothais.com.br\/ortodontista\/wp-json\/wp\/v2\/pages\/60\/revisions\/91"}],"wp:attachment":[{"href":"https:\/\/ortothais.com.br\/ortodontista\/wp-json\/wp\/v2\/media?parent=60"}],"curies":[{"name":"wp","href":"https:\/\/api.w.org\/{rel}","templated":true}]}}