{"id":62,"date":"2018-05-18T08:57:49","date_gmt":"2018-05-18T11:57:49","guid":{"rendered":"http:\/\/ortothais.com.br\/?page_id=62"},"modified":"2018-05-18T08:57:49","modified_gmt":"2018-05-18T11:57:49","slug":"o-que-e-ortodontia","status":"publish","type":"page","link":"https:\/\/ortothais.com.br\/ortodontista\/o-que-e-ortodontia\/","title":{"rendered":"O que \u00e9 Ortodontia?"},"content":{"rendered":"<div id=\"themify_builder_content-62\" data-postid=\"62\" class=\"themify_builder_content themify_builder_content-62 themify_builder themify_builder_front\">\n\t\n\t\t\t<!-- module_row -->\n\t\t\t<div data-gutter=\"gutter-default\" class=\"themify_builder_row themify_builder_62_row module_row module_row_0 clearfix gutter-default fullcover fullheight\" \t\t\t\tdata-equal-column-height=\"\">\n\n\t\t\t\t\n\t\t\t\t\n\t\t\t<div class=\"builder_row_cover\" style=\"background-color: rgba(255,255,255, 0.79)\" data-color=\"rgba(255,255,255, 0.79)\" ><\/div>\n\n\t\t\t\n\t\t\t\t<div class=\"row_inner_wrapper\">\n\t\t\t\t\t<div class=\"row_inner\">\n\n\t\t\t\t\t\t\n\t\t\t\t\t\t\n\t\t\t\t\t\t\n\t\t\t\t\t\t\t\t\t<div class=\"col-full first tb-column  tb_62_column module_column_0 module_column\" >\n\n\t\t\t\t\t\t\t\t\t    \n\t\t\t\t\t\t\t\t\t    \n\t\t\t\t\t\t\t\t\t    <div class=\"tb-column-inner\">\n\n\t\t\t\t\t\t\t\t\t\t\n\t\t\t\t\t\t\t\t\t\t\n\t\t\t\t\t\t\t\t\t\t\t\n<!-- module text -->\n<div id=\"text-62-0-0-1\" class=\"module module-text text-62-0-0-1   \">\n\t\n\t\t\n\t<p><strong>O que \u00e9 Ortodontia ?<\/strong><\/p>\n\n\t<\/div>\n<!-- \/module text -->\n\n<!-- module text -->\n<div id=\"text-62-0-0-2\" class=\"module module-text text-62-0-0-2   \">\n\t\n\t\t\n\t<p><strong>A Ortodontia \u00e9 uma especialidade da Odontologia que tem por objetivo diagnosticar, prevenir e tratar os problemas relacionados ao mau posicionamento e mau relacionamento dos dentes (m\u00e1 oclus\u00e3o) e das estruturas da face (ossos e tecidos moles). Os dentes mal posicionados dificultam a higieniza\u00e7\u00e3o, favorecem a inflama\u00e7\u00e3o gengival, o aparecimento de c\u00e1ries, ac\u00famulo de t\u00e1rtaro e o desenvolvimento de parafun\u00e7\u00f5es. Dentes bem posicionados podem melhorar a est\u00e9tica, o sorriso, a mastiga\u00e7\u00e3o e a fona\u00e7\u00e3o.<\/strong><\/p><p><strong>N\u00e3o existe idade m\u00ednima, mas recomenda-se que as crian\u00e7as sejam levadas para consulta inicial no Ortodontista \u00e0 partir dos 4 anos de idade, nessa consulta, o ortodontista ir\u00e1 avaliar a necessidade de iniciar ou n\u00e3o o tratamento ou recomendar o acompanhamento que for indicado. Sempre \u00e9 importante lembrar que n\u00e3o existe idade limite para tratamentos ortod\u00f4nticos.<\/strong><\/p>\n\t<\/div>\n<!-- \/module text -->\n\n\t\t\t\t\t\t\t\t\t\t<\/div>\n\t\t\t\t\t\t\t\t\t\t<!-- \/.tb-column-inner -->\n\t\t\t\t\t\t\t\t\t\t\t\t\t\t\t\t\t\t\t<\/div>\n\t\t\t\t\t\t\t\t\t<!-- \/.tb-column -->\n\t\t\t\t\t\t\t\n\t\t\t\t\t\t\n\t\t\t\t\t\t\n\t\t\t\t\t\t\n\t\t\t\t\t<\/div>\n\t\t\t\t\t<!-- \/row_inner -->\n\t\t\t\t<\/div>\n\t\t\t<!-- \/row_inner_wrapper -->\n\t\t\t<\/div>\n\t\t\t<!-- \/module_row -->\n\t\t\t\n<\/div>\n<!-- \/themify_builder_content -->","protected":false},"excerpt":{"rendered":"<p>O que \u00e9 Ortodontia ? A Ortodontia \u00e9 uma especialidade da Odontologia que tem por objetivo diagnosticar, prevenir e tratar os problemas relacionados ao mau posicionamento e mau relacionamento dos dentes (m\u00e1 oclus\u00e3o) e das estruturas da face (ossos e tecidos moles). Os dentes mal posicionados dificultam a higieniza\u00e7\u00e3o, favorecem a inflama\u00e7\u00e3o gengival, o aparecimento [&hellip;]<\/p>\n","protected":false},"author":2,"featured_media":0,"parent":0,"menu_order":0,"comment_status":"closed","ping_status":"closed","template":"","meta":[],"_links":{"self":[{"href":"https:\/\/ortothais.com.br\/ortodontista\/wp-json\/wp\/v2\/pages\/62"}],"collection":[{"href":"https:\/\/ortothais.com.br\/ortodontista\/wp-json\/wp\/v2\/pages"}],"about":[{"href":"https:\/\/ortothais.com.br\/ortodontista\/wp-json\/wp\/v2\/types\/page"}],"author":[{"embeddable":true,"href":"https:\/\/ortothais.com.br\/ortodontista\/wp-json\/wp\/v2\/users\/2"}],"replies":[{"embeddable":true,"href":"https:\/\/ortothais.com.br\/ortodontista\/wp-json\/wp\/v2\/comments?post=62"}],"version-history":[{"count":1,"href":"https:\/\/ortothais.com.br\/ortodontista\/wp-json\/wp\/v2\/pages\/62\/revisions"}],"predecessor-version":[{"id":63,"href":"https:\/\/ortothais.com.br\/ortodontista\/wp-json\/wp\/v2\/pages\/62\/revisions\/63"}],"wp:attachment":[{"href":"https:\/\/ortothais.com.br\/ortodontista\/wp-json\/wp\/v2\/media?parent=62"}],"curies":[{"name":"wp","href":"https:\/\/api.w.org\/{rel}","templated":true}]}}