{"id":64,"date":"2018-05-18T08:59:17","date_gmt":"2018-05-18T11:59:17","guid":{"rendered":"http:\/\/ortothais.com.br\/?page_id=64"},"modified":"2018-05-18T08:59:17","modified_gmt":"2018-05-18T11:59:17","slug":"tipos-de-aparelhos","status":"publish","type":"page","link":"https:\/\/ortothais.com.br\/ortodontista\/tipos-de-aparelhos\/","title":{"rendered":"Tipos de Aparelhos"},"content":{"rendered":"<div id=\"themify_builder_content-64\" data-postid=\"64\" class=\"themify_builder_content themify_builder_content-64 themify_builder themify_builder_front\">\n\t\n\t\t\t<!-- module_row -->\n\t\t\t<div data-gutter=\"gutter-default\" class=\"themify_builder_row themify_builder_64_row module_row module_row_0 clearfix gutter-default builder-parallax-scrolling fullheight\" \t\t\t\tdata-equal-column-height=\"\">\n\n\t\t\t\t\n\t\t\t\t\n\t\t\t<div class=\"builder_row_cover\" style=\"background-color: rgba(255,255,255, 0.79)\" data-color=\"rgba(255,255,255, 0.79)\" ><\/div>\n\n\t\t\t\n\t\t\t\t<div class=\"row_inner_wrapper\">\n\t\t\t\t\t<div class=\"row_inner\">\n\n\t\t\t\t\t\t\n\t\t\t\t\t\t\n\t\t\t\t\t\t\n\t\t\t\t\t\t\t\t\t<div class=\"col-full first tb-column  tb_64_column module_column_0 module_column\" >\n\n\t\t\t\t\t\t\t\t\t    \n\t\t\t\t\t\t\t\t\t    \n\t\t\t\t\t\t\t\t\t    <div class=\"tb-column-inner\">\n\n\t\t\t\t\t\t\t\t\t\t\n\t\t\t\t\t\t\t\t\t\t\n\t\t\t\t\t\t\t\t\t\t\t\n<!-- module text -->\n<div id=\"text-64-0-0-1\" class=\"module module-text text-64-0-0-1   \">\n\t\n\t\t\n\t<p><strong>Aparelhos Est\u00e9ticos<\/strong><\/p>\n\n\t<\/div>\n<!-- \/module text -->\n<div class=\"themify_builder_sub_row\n\t\t\t\t\t\t\t\t\t\t\t\t\t\t\tclearfix gutter-default  sub_row_0-0-2\" >\n\t\t\t\t\t\t\t\t\t\t\t\t\t\t\t\n\t\t\t\t\t\t\t\t\t\t\t\t\t\t\t<div class=\"col3-1 first sub_column sub_column_0-0-2-0 sub_column_post_64\" >\n\t\t\t\t\t\t\t\t\t\t\t\t\t\t\t\t \n\t\t\t\t\t\t\t\t\t\t\t\t\t\t\t\t\n\t\t\t\t\t\t\t\t\t\t\t\t\t\t\t\t\t\t\t\t\t\t\t\t\t\t\t\t\t\t\t\t\n<!-- module image -->\n<div id=\"image-64-sub_row_0-0-2-0-0\" class=\"module module-image image-64-sub_row_0-0-2-0-0 rounded image-top  \">\n\t\n\t\n\t\n\t<div class=\"image-wrap\">\n\t\t\t\t\t<img src=\"http:\/\/ortothais.com.br\/wp-content\/uploads\/2018\/05\/Dra-Thais-Cristina-da-Silva-ortodontia-em-S\u00e3o-Paulo-Tratavamento-foto-3.jpg\" alt=\"Tipos de Aparelhos\" \/>\t\t\t\n\t\t<\/div>\n\t<!-- \/image-wrap -->\n\t\t\n\t\n\t\n\t<\/div>\n<!-- \/module image -->\n\n<!-- module text -->\n<div id=\"text-64-sub_row_0-0-2-0-1\" class=\"module module-text text-64-sub_row_0-0-2-0-1   \">\n\t\n\t\t\n\t<p style=\"text-align: center;\"><span style=\"color: #800080;\"><strong>Aparelhos est\u00e9ticos<\/strong><\/span><\/p>\n\n\t<\/div>\n<!-- \/module text -->\n\n\t\t\t\t\t\t\t\t\t\t\t\t\t\t\t\t\t\t\t\t\t\t\t\t\t\t\t\t\t\t\t\t<\/div><div class=\"col3-2 last sub_column sub_column_0-0-2-1 sub_column_post_64\" >\n\t\t\t\t\t\t\t\t\t\t\t\t\t\t\t\t \n\t\t\t\t\t\t\t\t\t\t\t\t\t\t\t\t\n\t\t\t\t\t\t\t\t\t\t\t\t\t\t\t\t\t\t\t\t\t\t\t\t\t\t\t\t\t\t\t\t\n<!-- module text -->\n<div id=\"text-64-sub_row_0-0-2-1-0\" class=\"module module-text text-64-sub_row_0-0-2-1-0   \">\n\t\n\t\t\n\t<p><strong>Uma \u00f3tima escolha para adultos e jovens que procuram um tratamento ortod\u00f4ntico mas n\u00e3o querem aquele \u201csorriso met\u00e1lico\u201d interferindo nas suas atividades sociais e profissionais. Neste tipo de aparelho, em vez de serem fabricados com a\u00e7o, os brackets s\u00e3o feitos com materiais que imitam a cor dos dentes, por isso ficam bem mais discretos, podendo ser de porcelana ou safira, al\u00e9m disso, s\u00e3o fabricados com os mesmos par\u00e2metros que os aparelhos met\u00e1licos. Apresentam as mesmas fun\u00e7\u00f5es, podendo ser usados normalmente para todos os problemas ortod\u00f4nticos.<\/strong><\/p>\n\t<\/div>\n<!-- \/module text -->\n\n\t\t\t\t\t\t\t\t\t\t\t\t\t\t\t\t\t\t\t\t\t\t\t\t\t\t\t\t\t\t\t\t<\/div><\/div><div class=\"themify_builder_sub_row\n\t\t\t\t\t\t\t\t\t\t\t\t\t\t\tclearfix gutter-default  sub_row_0-0-3\" >\n\t\t\t\t\t\t\t\t\t\t\t\t\t\t\t\n\t\t\t\t\t\t\t\t\t\t\t\t\t\t\t<div class=\"col4-2 first sub_column sub_column_0-0-3-0 sub_column_post_64\" >\n\t\t\t\t\t\t\t\t\t\t\t\t\t\t\t\t \n\t\t\t\t\t\t\t\t\t\t\t\t\t\t\t\t\n\t\t\t\t\t\t\t\t\t\t\t\t\t\t\t\t\t\t\t\t\t\t\t\t\t\t\t\t\t\t\t\t\n<!-- module image -->\n<div id=\"image-64-sub_row_0-0-3-0-0\" class=\"module module-image image-64-sub_row_0-0-3-0-0 rounded image-top  \">\n\t\n\t\n\t\n\t<div class=\"image-wrap\">\n\t\t\t\t\t<img src=\"http:\/\/ortothais.com.br\/wp-content\/uploads\/2018\/06\/Dra-Thais-Cristina-da-Silva-ortodontia-em-S\u00e3o-Paulo-foto-1.jpg\" alt=\"Tipos de Aparelhos\" \/>\t\t\t\n\t\t<\/div>\n\t<!-- \/image-wrap -->\n\t\t\n\t\n\t\n\t<\/div>\n<!-- \/module image -->\n\n\t\t\t\t\t\t\t\t\t\t\t\t\t\t\t\t\t\t\t\t\t\t\t\t\t\t\t\t\t\t\t\t<\/div><div class=\"col4-2 last sub_column sub_column_0-0-3-1 sub_column_post_64\" >\n\t\t\t\t\t\t\t\t\t\t\t\t\t\t\t\t \n\t\t\t\t\t\t\t\t\t\t\t\t\t\t\t\t\n\t\t\t\t\t\t\t\t\t\t\t\t\t\t\t\t\t\t\t\t\t\t\t\t\t\t\t\t\t\t\t\t\n<!-- module image -->\n<div id=\"image-64-sub_row_0-0-3-1-0\" class=\"module module-image image-64-sub_row_0-0-3-1-0 rounded image-top  \">\n\t\n\t\n\t\n\t<div class=\"image-wrap\">\n\t\t\t\t\t<img src=\"http:\/\/ortothais.com.br\/wp-content\/uploads\/2018\/05\/Dra-Thais-Cristina-da-Silva-ortodontia-em-S\u00e3o-Paulo-foto-e1527168737861.jpg\" alt=\"Tipos de Aparelhos\" \/>\t\t\t\n\t\t<\/div>\n\t<!-- \/image-wrap -->\n\t\t\n\t\n\t\n\t<\/div>\n<!-- \/module image -->\n\n\t\t\t\t\t\t\t\t\t\t\t\t\t\t\t\t\t\t\t\t\t\t\t\t\t\t\t\t\t\t\t\t<\/div><\/div>\n\t\t\t\t\t\t\t\t\t\t<\/div>\n\t\t\t\t\t\t\t\t\t\t<!-- \/.tb-column-inner -->\n\t\t\t\t\t\t\t\t\t\t\t\t\t\t\t\t\t\t\t<\/div>\n\t\t\t\t\t\t\t\t\t<!-- \/.tb-column -->\n\t\t\t\t\t\t\t\n\t\t\t\t\t\t\n\t\t\t\t\t\t\n\t\t\t\t\t\t\n\t\t\t\t\t<\/div>\n\t\t\t\t\t<!-- \/row_inner -->\n\t\t\t\t<\/div>\n\t\t\t<!-- \/row_inner_wrapper -->\n\t\t\t<\/div>\n\t\t\t<!-- \/module_row -->\n\t\t\t\n\n\t\t\t<!-- module_row -->\n\t\t\t<div data-gutter=\"gutter-default\" class=\"themify_builder_row themify_builder_64_row module_row module_row_1 clearfix gutter-default builder-parallax-scrolling fullheight\" \t\t\t\tdata-equal-column-height=\"\">\n\n\t\t\t\t\n\t\t\t\t\n\t\t\t<div class=\"builder_row_cover\" style=\"background-color: rgba(252,252,252, 0.75)\" data-color=\"rgba(252,252,252, 0.75)\" ><\/div>\n\n\t\t\t\n\t\t\t\t<div class=\"row_inner_wrapper\">\n\t\t\t\t\t<div class=\"row_inner\">\n\n\t\t\t\t\t\t\n\t\t\t\t\t\t\n\t\t\t\t\t\t\n\t\t\t\t\t\t\t\t\t<div class=\"col-full first tb-column  tb_64_column module_column_0 module_column\" >\n\n\t\t\t\t\t\t\t\t\t    \n\t\t\t\t\t\t\t\t\t    \n\t\t\t\t\t\t\t\t\t    <div class=\"tb-column-inner\">\n\n\t\t\t\t\t\t\t\t\t\t\n\t\t\t\t\t\t\t\t\t\t\n\t\t\t\t\t\t\t\t\t\t\t\n<!-- module text -->\n<div id=\"text-64-1-0-1\" class=\"module module-text text-64-1-0-1   \">\n\t\n\t\t\n\t<p style=\"text-align: center;\"><strong>Aparelhos Autoligado<\/strong><\/p>\n\n\t<\/div>\n<!-- \/module text -->\n<div class=\"themify_builder_sub_row\n\t\t\t\t\t\t\t\t\t\t\t\t\t\t\tclearfix gutter-default  sub_row_1-0-2\" >\n\t\t\t\t\t\t\t\t\t\t\t\t\t\t\t\n\t\t\t\t\t\t\t\t\t\t\t\t\t\t\t<div class=\"col4-1 first sub_column sub_column_1-0-2-0 sub_column_post_64\" >\n\t\t\t\t\t\t\t\t\t\t\t\t\t\t\t\t \n\t\t\t\t\t\t\t\t\t\t\t\t\t\t\t\t\n\t\t\t\t\t\t\t\t\t\t\t\t\t\t\t\t\t\t\t\t\t\t\t\t\t\t\t\t\t\t\t\t\n<!-- module image -->\n<div id=\"image-64-sub_row_1-0-2-0-0\" class=\"module module-image image-64-sub_row_1-0-2-0-0 rounded image-top  \">\n\t\n\t\n\t\n\t<div class=\"image-wrap\">\n\t\t\t\t\t<img src=\"http:\/\/ortothais.com.br\/wp-content\/uploads\/2018\/05\/Dra-Thais-Cristina-da-Silva-ortodontia-em-S\u00e3o-Paulo-aparelho-autoligado.jpg\" alt=\"Tipos de Aparelhos\" \/>\t\t\t\n\t\t<\/div>\n\t<!-- \/image-wrap -->\n\t\t\n\t\n\t\n\t<\/div>\n<!-- \/module image -->\n\n<!-- module text -->\n<div id=\"text-64-sub_row_1-0-2-0-1\" class=\"module module-text text-64-sub_row_1-0-2-0-1   \">\n\t\n\t\t\n\t<p style=\"text-align: center;\"><span style=\"color: #800080;\"><strong>Aparelhos autoligado<\/strong><\/span><\/p>\n\n\t<\/div>\n<!-- \/module text -->\n\n\t\t\t\t\t\t\t\t\t\t\t\t\t\t\t\t\t\t\t\t\t\t\t\t\t\t\t\t\t\t\t\t<\/div><div class=\"col4-3 last sub_column sub_column_1-0-2-1 sub_column_post_64\" >\n\t\t\t\t\t\t\t\t\t\t\t\t\t\t\t\t \n\t\t\t\t\t\t\t\t\t\t\t\t\t\t\t\t\n\t\t\t\t\t\t\t\t\t\t\t\t\t\t\t\t\t\t\t\t\t\t\t\t\t\t\t\t\t\t\t\t\n<!-- module text -->\n<div id=\"text-64-sub_row_1-0-2-1-0\" class=\"module module-text text-64-sub_row_1-0-2-1-0   \">\n\t\n\t\t\n\t<p><strong>O aparelho autoligado ao contr\u00e1rio do aparelho convencional n\u00e3o utiliza em seu bracket\u00a0 (o acess\u00f3rio colado aos dentes) a borrachinha para segurar o fio ortod\u00f4ntico mas sim uma trava inserida em seu corpo que ir\u00e1 manter o fio em posi\u00e7\u00e3o com isso observa-se vantagens como:<\/strong><\/p>\n\t<\/div>\n<!-- \/module text -->\n\n\t\t\t\t\t\t\t\t\t\t\t\t\t\t\t\t\t\t\t\t\t\t\t\t\t\t\t\t\t\t\t\t<\/div><\/div><div class=\"themify_builder_sub_row\n\t\t\t\t\t\t\t\t\t\t\t\t\t\t\tclearfix gutter-default  sub_row_1-0-3\" >\n\t\t\t\t\t\t\t\t\t\t\t\t\t\t\t\n\t\t\t\t\t\t\t\t\t\t\t\t\t\t\t<div class=\"col4-2 first sub_column sub_column_1-0-3-0 sub_column_post_64\" >\n\t\t\t\t\t\t\t\t\t\t\t\t\t\t\t\t \n\t\t\t\t\t\t\t\t\t\t\t\t\t\t\t\t\n\t\t\t\t\t\t\t\t\t\t\t\t\t\t\t\t\t\t\t\t\t\t\t\t\t\t\t\t\t\t\t\t\n<!-- module text -->\n<div id=\"text-64-sub_row_1-0-3-0-0\" class=\"module module-text text-64-sub_row_1-0-3-0-0   \">\n\t\n\t\t\n\t<p><strong>1- Melhor Higiene:<\/strong> a remo\u00e7\u00e3o de placa se torna mais f\u00e1cil diferentemente do aparelho convencional pois a reten\u00e7\u00e3o de sujeira \u00e9 maior na ligadura el\u00e1stica do que no metal puro.<\/p><p><strong>2- Menos atrito:<\/strong> com menor atrito o tratamento ganha velocidade, no entanto dependendo do movimento desejado a falta de atrito pode se tornar um problema.<\/p><p><strong>3- Evita extra\u00e7\u00f5es:<\/strong> pode evitar a remo\u00e7\u00e3o de dentes em determinadas situa\u00e7\u00f5es, n\u00e3o todas, pois propicia uma expans\u00e3o dentoalveolar gerando uma melhor acomoda\u00e7\u00e3o dos dentes no arco.<\/p>\n\t<\/div>\n<!-- \/module text -->\n\n\t\t\t\t\t\t\t\t\t\t\t\t\t\t\t\t\t\t\t\t\t\t\t\t\t\t\t\t\t\t\t\t<\/div><div class=\"col4-2 last sub_column sub_column_1-0-3-1 sub_column_post_64\" >\n\t\t\t\t\t\t\t\t\t\t\t\t\t\t\t\t \n\t\t\t\t\t\t\t\t\t\t\t\t\t\t\t\t\n\t\t\t\t\t\t\t\t\t\t\t\t\t\t\t\t\t\t\t\t\t\t\t\t\t\t\t\t\t\t\t\t\n<!-- module text -->\n<div id=\"text-64-sub_row_1-0-3-1-0\" class=\"module module-text text-64-sub_row_1-0-3-1-0   \">\n\t\n\t\t\n\t<p><strong>4- Expans\u00e3o do arco:<\/strong> pode proporcionar a expans\u00e3o palatina sem a necessidade de disjuntores ou de cirurgias de expans\u00e3o palatina (o c\u00e9u da boca).<\/p><p><strong>5- Menor sensibilidade:<\/strong> o aparelho ortod\u00f4ntico autoligado proporciona mais conforto no tratamento tornando-se menos doloroso pois o menor atrito permite uso de for\u00e7as mais leves para movimenta\u00e7\u00e3o.<\/p><p><strong>6- Melhor est\u00e9tica:<\/strong> usar um aparelho est\u00e9tico autoligado pode tornar o sorriso mais discreto e natural.<\/p>\n\t<\/div>\n<!-- \/module text -->\n\n\t\t\t\t\t\t\t\t\t\t\t\t\t\t\t\t\t\t\t\t\t\t\t\t\t\t\t\t\t\t\t\t<\/div><\/div><div class=\"themify_builder_sub_row\n\t\t\t\t\t\t\t\t\t\t\t\t\t\t\tclearfix gutter-default  sub_row_1-0-4\" >\n\t\t\t\t\t\t\t\t\t\t\t\t\t\t\t\n\t\t\t\t\t\t\t\t\t\t\t\t\t\t\t<div class=\"col4-2 first sub_column sub_column_1-0-4-0 sub_column_post_64\" >\n\t\t\t\t\t\t\t\t\t\t\t\t\t\t\t\t \n\t\t\t\t\t\t\t\t\t\t\t\t\t\t\t\t\n\t\t\t\t\t\t\t\t\t\t\t\t\t\t\t\t\t\t\t\t\t\t\t\t\t\t\t\t\t\t\t\t\n<!-- module image -->\n<div id=\"image-64-sub_row_1-0-4-0-0\" class=\"module module-image image-64-sub_row_1-0-4-0-0 rounded image-top  \">\n\t\n\t\n\t\n\t<div class=\"image-wrap\">\n\t\t\t\t\t<img src=\"http:\/\/ortothais.com.br\/wp-content\/uploads\/2018\/05\/Dra-Thais-Cristina-da-Silva-ortodontia-em-S\u00e3o-Paulo-Tratavamento-foto-1-2.jpg\" alt=\"Tipos de Aparelhos\" \/>\t\t\t\n\t\t<\/div>\n\t<!-- \/image-wrap -->\n\t\t\n\t\n\t\n\t<\/div>\n<!-- \/module image -->\n\n\t\t\t\t\t\t\t\t\t\t\t\t\t\t\t\t\t\t\t\t\t\t\t\t\t\t\t\t\t\t\t\t<\/div><div class=\"col4-2 last sub_column sub_column_1-0-4-1 sub_column_post_64\" >\n\t\t\t\t\t\t\t\t\t\t\t\t\t\t\t\t \n\t\t\t\t\t\t\t\t\t\t\t\t\t\t\t\t\n\t\t\t\t\t\t\t\t\t\t\t\t\t\t\t\t\t\t\t\t\t\t\t\t\t\t\t\t\t\t\t\t\n<!-- module image -->\n<div id=\"image-64-sub_row_1-0-4-1-0\" class=\"module module-image image-64-sub_row_1-0-4-1-0 rounded image-top  \">\n\t\n\t\n\t\n\t<div class=\"image-wrap\">\n\t\t\t\t\t<img src=\"http:\/\/ortothais.com.br\/wp-content\/uploads\/2018\/05\/Dra-Thais-Cristina-da-Silva-ortodontia-em-S\u00e3o-Paulo-Tratavamento-foto-4.jpg\" alt=\"Tipos de Aparelhos\" \/>\t\t\t\n\t\t<\/div>\n\t<!-- \/image-wrap -->\n\t\t\n\t\n\t\n\t<\/div>\n<!-- \/module image -->\n\n\t\t\t\t\t\t\t\t\t\t\t\t\t\t\t\t\t\t\t\t\t\t\t\t\t\t\t\t\t\t\t\t<\/div><\/div>\n<!-- module text -->\n<div id=\"text-64-1-0-5\" class=\"module module-text text-64-1-0-5   \">\n\t\n\t\t\n\t<p style=\"text-align: center;\"><span style=\"color: #800080;\"><strong>Os aparelhos autoligados podem ser de dois tipos: met\u00e1licos ou est\u00e9ticos.<\/strong><\/span><\/p>\n\n\t<\/div>\n<!-- \/module text -->\n\n\t\t\t\t\t\t\t\t\t\t<\/div>\n\t\t\t\t\t\t\t\t\t\t<!-- \/.tb-column-inner -->\n\t\t\t\t\t\t\t\t\t\t\t\t\t\t\t\t\t\t\t<\/div>\n\t\t\t\t\t\t\t\t\t<!-- \/.tb-column -->\n\t\t\t\t\t\t\t\n\t\t\t\t\t\t\n\t\t\t\t\t\t\n\t\t\t\t\t\t\n\t\t\t\t\t<\/div>\n\t\t\t\t\t<!-- \/row_inner -->\n\t\t\t\t<\/div>\n\t\t\t<!-- \/row_inner_wrapper -->\n\t\t\t<\/div>\n\t\t\t<!-- \/module_row -->\n\t\t\t\n<\/div>\n<!-- \/themify_builder_content -->","protected":false},"excerpt":{"rendered":"<p>Aparelhos Est\u00e9ticos Aparelhos est\u00e9ticos Uma \u00f3tima escolha para adultos e jovens que procuram um tratamento ortod\u00f4ntico mas n\u00e3o querem aquele \u201csorriso met\u00e1lico\u201d interferindo nas suas atividades sociais e profissionais. Neste tipo de aparelho, em vez de serem fabricados com a\u00e7o, os brackets s\u00e3o feitos com materiais que imitam a cor dos dentes, por isso ficam [&hellip;]<\/p>\n","protected":false},"author":2,"featured_media":0,"parent":0,"menu_order":0,"comment_status":"closed","ping_status":"closed","template":"","meta":[],"_links":{"self":[{"href":"https:\/\/ortothais.com.br\/ortodontista\/wp-json\/wp\/v2\/pages\/64"}],"collection":[{"href":"https:\/\/ortothais.com.br\/ortodontista\/wp-json\/wp\/v2\/pages"}],"about":[{"href":"https:\/\/ortothais.com.br\/ortodontista\/wp-json\/wp\/v2\/types\/page"}],"author":[{"embeddable":true,"href":"https:\/\/ortothais.com.br\/ortodontista\/wp-json\/wp\/v2\/users\/2"}],"replies":[{"embeddable":true,"href":"https:\/\/ortothais.com.br\/ortodontista\/wp-json\/wp\/v2\/comments?post=64"}],"version-history":[{"count":1,"href":"https:\/\/ortothais.com.br\/ortodontista\/wp-json\/wp\/v2\/pages\/64\/revisions"}],"predecessor-version":[{"id":65,"href":"https:\/\/ortothais.com.br\/ortodontista\/wp-json\/wp\/v2\/pages\/64\/revisions\/65"}],"wp:attachment":[{"href":"https:\/\/ortothais.com.br\/ortodontista\/wp-json\/wp\/v2\/media?parent=64"}],"curies":[{"name":"wp","href":"https:\/\/api.w.org\/{rel}","templated":true}]}}